{"id":890,"date":"2025-11-28T11:21:30","date_gmt":"2025-11-28T10:21:30","guid":{"rendered":"https:\/\/domina-caribe.ms3.decms.eu\/?page_id=890"},"modified":"2025-12-11T18:16:06","modified_gmt":"2025-12-11T17:16:06","slug":"cookie-policy","status":"publish","type":"page","link":"https:\/\/www.dominacaribe.com\/it\/cookie-policy\/","title":{"rendered":"Cookie policy"},"content":{"rendered":"<p><b>Uso dei cookie da parte di<\/b><span style=\"font-weight: 400;\">\u00a0Prea Real Estate Central America SL\u00a0<\/span><\/p>\n<p><span style=\"font-weight: 400;\">Si avvisa che Prea Real Estate Central America SL utilizza i cookie o altri strumenti di tracciabilit\u00e0 sul suo sito web <\/span><span style=\"font-weight: 400;\">\u00a0<\/span><a href=\"https:\/\/www.dominacaribe.com\"><span style=\"font-weight: 400;\">https:\/\/www.dominacaribe.com<\/span><\/a><\/p>\n<p><span style=\"font-weight: 400;\">Gli strumenti di tracciabilit\u00e0 possono essere installati sul dispositivo dell\u2019utente in base alle preferenze gi\u00e0 espresse o che potr\u00e0 esprimere in qualsiasi momento in conformit\u00e0 alla presente politica.<\/span><\/p>\n<ul>\n<li><b>A cosa serve la politica sui cookie?<\/b><\/li>\n<\/ul>\n<p><span style=\"font-weight: 400;\">Al fine di garantire la massima trasparenza, Prea Real Estate Central America SL ha definito la presente politica per offrire all\u2019utente maggiori informazioni su:<\/span><\/p>\n<ul>\n<li style=\"font-weight: 400;\" aria-level=\"1\"><span style=\"font-weight: 400;\">Origine e finalit\u00e0 delle informazioni elaborate durante la navigazione dell\u2019utente su <\/span><span style=\"font-weight: 400;\">https:\/\/www.dominacaribe.com<\/span><\/li>\n<li style=\"font-weight: 400;\" aria-level=\"1\"><span style=\"font-weight: 400;\">Diritti dell\u2019utente in relazione ai cookie e ad altri strumenti di tracciabilit\u00e0 utilizzati da Prea Real Estate Central America SL.<\/span><\/li>\n<\/ul>\n<p>&nbsp;<\/p>\n<ul>\n<li style=\"font-weight: 400;\" aria-level=\"1\"><b>Che cos\u2019\u00e8 un cookie?<\/b><\/li>\n<\/ul>\n<p><span style=\"font-weight: 400;\">I cookie e altri strumenti di tracciabilit\u00e0 simili sono pacchetti di dati utilizzati dai server per trasmettere informazioni di stato al browser dell\u2019utente e inviare informazioni di stato al server di origine attraverso lo stesso browser.<\/span><span style=\"font-weight: 400;\"><br \/>\n<\/span><span style=\"font-weight: 400;\">Alcuni esempi di informazioni di stato sono l\u2019identificatore di una sessione, la lingua, la data di scadenza, il campo di risposta o altri tipi di informazioni.<\/span><span style=\"font-weight: 400;\"><br \/>\n<\/span><span style=\"font-weight: 400;\">Durante il loro periodo di validit\u00e0, i cookie sono utilizzati per archiviare informazioni di stato quando l\u2019utente accede, tramite browser, alle varie pagine di un sito web o quando visita nuovamente lo stesso sito in un secondo momento.<\/span><\/p>\n<p><span style=\"font-weight: 400;\">Esistono diversi tipi di cookie:<\/span><\/p>\n<ul>\n<li style=\"font-weight: 400;\" aria-level=\"1\"><span style=\"font-weight: 400;\">I cookie di sessione vengono eliminati non appena l\u2019utente chiude il browser o abbandona il sito web<\/span><\/li>\n<li style=\"font-weight: 400;\" aria-level=\"1\"><span style=\"font-weight: 400;\">I cookie persistenti rimangono sul dispositivo dell\u2019utente fino alla loro scadenza o fino a quando non vengono eliminati utilizzando le funzionalit\u00e0 del browser<\/span><\/li>\n<\/ul>\n<p>&nbsp;<\/p>\n<ul>\n<li style=\"font-weight: 400;\" aria-level=\"1\"><b>Perch\u00e9 usiamo i cookie?<\/b><\/li>\n<\/ul>\n<p><span style=\"font-weight: 400;\">I cookie e altri strumenti di tracciabilit\u00e0 sono utilizzati principalmente per i seguenti motivi:<\/span><\/p>\n<p><i><span style=\"font-weight: 400;\">I cookie sono indispensabili per navigare sul sito\u00a0<\/span><\/i><a href=\"https:\/\/www.dominacaribe.com\"><span style=\"font-weight: 400;\">https:\/\/www.dominacaribe.com<\/span><\/a><span style=\"font-weight: 400;\">\u00a0<\/span><i><span style=\"font-weight: 400;\">e utilizzarne appieno le funzionalit\u00e0 e consentono, nello specifico, di:<\/span><\/i><\/p>\n<ul>\n<li style=\"font-weight: 400;\" aria-level=\"1\"><span style=\"font-weight: 400;\">gestire l\u2019autenticazione dei visitatori sul sito web e le misure di sicurezza correlate e garantire il corretto funzionamento del modulo di autenticazione<\/span><\/li>\n<li style=\"font-weight: 400;\" aria-level=\"1\"><span style=\"font-weight: 400;\">ottimizzare l\u2019esperienza dell\u2019utente e semplificare la navigazione, in particolare determinando \u201cpercorsi tecnici\u201d per la navigazione<\/span><\/li>\n<li style=\"font-weight: 400;\" aria-level=\"1\"><span style=\"font-weight: 400;\">memorizzare le informazioni relative al banner informativo \u201ccookie\u201d visto dai visitatori del sito web che poi continuano a navigare nel sito dopo aver accettato i cookie sul proprio dispositivo<\/span><\/li>\n<\/ul>\n<p><span style=\"font-weight: 400;\">adottare misure di sicurezza (ad esempio, quando viene chiesto all\u2019utente di effettuare nuovamente il login per accedere a contenuti o servizi dopo un dato intervallo di tempo o per garantire il funzionamento di base di\u00a0<\/span><a href=\"https:\/\/www.dominacaribe.com\"><span style=\"font-weight: 400;\">https:\/\/www.dominacaribe.com<\/span><\/a><span style=\"font-weight: 400;\">\u00a0<\/span><span style=\"font-weight: 400;\">e l\u2019utilizzo delle sue funzionalit\u00e0 principali, tra cui il monitoraggio di prestazioni ed errori di navigazione, la gestione delle sessioni dell\u2019utente, ecc.)<\/span><\/p>\n<p><span style=\"font-weight: 400;\">I cookie di funzionalit\u00e0 sono necessari soprattutto per:<\/span><\/p>\n<ul>\n<li style=\"font-weight: 400;\" aria-level=\"1\"><span style=\"font-weight: 400;\">adattare<\/span><span style=\"font-weight: 400;\">\u00a0<\/span><a href=\"https:\/\/www.dominacaribe.com\"><span style=\"font-weight: 400;\">https:\/\/www.dominacaribe.com<\/span><\/a><span style=\"font-weight: 400;\">\u00a0alle preferenze di visualizzazione del dispositivo dell\u2019utente (lingua, valuta, risoluzione del display, sistema operativo utilizzato, configurazione e impostazioni di visualizzazione delle pagine web in base al dispositivo in uso e alla posizione dell\u2019utente, ecc.)<\/span><\/li>\n<li style=\"font-weight: 400;\" aria-level=\"1\"><span style=\"font-weight: 400;\">archiviare informazioni che l\u2019utente immette su<\/span><span style=\"font-weight: 400;\">\u00a0<\/span><a href=\"https:\/\/www.dominacaribe.com\"><span style=\"font-weight: 400;\">https:\/\/www.dominacaribe.com<\/span><\/a><span style=\"font-weight: 400;\">\u00a0per agevolare e personalizzare le sue successive visite agli stessi siti (inclusa la visualizzazione di nome e cognome del visitatore, se in possesso di un account utente)<\/span><\/li>\n<li style=\"font-weight: 400;\" aria-level=\"1\"><span style=\"font-weight: 400;\">consentire all\u2019utente di accedere pi\u00f9 rapidamente alle pagine personali memorizzando i dati o le informazioni di accesso inserite in precedenza<\/span><\/li>\n<\/ul>\n<p><i><span style=\"font-weight: 400;\">I cookie per la tracciabilit\u00e0 dei visitatori hanno lo scopo di migliorare l\u2019esperienza utente aiutandoci a capire come l\u2019utente interagisce con<\/span><\/i><span style=\"font-weight: 400;\">\u00a0<\/span><span style=\"font-weight: 400;\">https:\/\/www.dominacaribe.com\u00a0<\/span><i><span style=\"font-weight: 400;\">(pagine pi\u00f9 visitate, applicazioni utilizzate, ecc.); questi cookie possono raccogliere dati statistici o testare le varie modalit\u00e0 di visualizzazione delle informazioni per migliorare la rilevanza e la facilit\u00e0 di utilizzo dei nostri servizi.<\/span><\/i><\/p>\n<p><span style=\"font-weight: 400;\">I cookie a fini pubblicitari sono pensati per (i) proporre contenuti mirati all\u2019interno di spazi pubblicitari che potrebbero interessare l\u2019utente (migliori offerte, altre destinazioni, ecc.) in base ai suoi interessi, al comportamento di navigazione, alle preferenze e ad altri fattori; e (ii) ridurre il numero di visualizzazioni degli annunci pubblicitari.<\/span><\/p>\n<p><i><span style=\"font-weight: 400;\">I cookie di affiliazione identificano il sito web di terze parti che ha reindirizzato un visitatore a<\/span><\/i><span style=\"font-weight: 400;\">\u00a0<\/span><a href=\"https:\/\/www.dominacaribe.com\"><span style=\"font-weight: 400;\">https:\/\/www.dominacaribe.com<\/span><\/a><span style=\"font-weight: 400;\">.\u00a0<\/span><\/p>\n<p><i><span style=\"font-weight: 400;\">I cookie dei social network, impostati da terzi, consentono all\u2019utente di condividere sui social network la propria opinione e i contenuti di<\/span><\/i><span style=\"font-weight: 400;\">\u00a0<\/span><a href=\"https:\/\/www.dominacaribe.com\"><span style=\"font-weight: 400;\">https:\/\/www.dominacaribe.com<\/span><\/a><span style=\"font-weight: 400;\"> \u00a0<\/span><i><span style=\"font-weight: 400;\">(ad esempio, tramite i pulsanti \u201cCondividi\u201d o \u201cMi piace\u201d dei social network).<\/span><\/i><\/p>\n<p><span style=\"font-weight: 400;\">In alcuni casi, le applicazioni dei social network su\u00a0<\/span><a href=\"https:\/\/www.dominacaribe.com\"><span style=\"font-weight: 400;\">https:\/\/www.dominacaribe.com<\/span><\/a><span style=\"font-weight: 400;\">\u00a0sopra indicate possono consentire ai social network corrispondenti di identificare l\u2019utente anche se non seleziona il pulsante di accesso all\u2019applicazione. Questo tipo di pulsante pu\u00f2 consentire a un social network di monitorare l\u2019attivit\u00e0 di navigazione dell\u2019utente su <\/span><a href=\"https:\/\/www.dominacaribe.com\"><span style=\"font-weight: 400;\">https:\/\/www.dominacaribe.com<\/span><\/a><span style=\"font-weight: 400;\">\u00a0semplicemente perch\u00e9 l\u2019account del social network \u00e8 abilitato sul dispositivo dell\u2019utente (sessione aperta) durante la navigazione.<\/span><\/p>\n<p><span style=\"font-weight: 400;\">Invitiamo l\u2019utente a leggere le policy di utilizzo dei predetti social network per capire meglio come questi utilizzino le informazioni di navigazione che possono raccogliere, soprattutto in merito a fini promozionali. Tali policy devono consentire esplicitamente all\u2019utente di effettuare delle scelte sui social network, in particolare configurando gli account utente per ciascuna applicazione.<\/span><\/p>\n<p>&nbsp;<\/p>\n<ul>\n<li style=\"font-weight: 400;\" aria-level=\"1\"><b>Consenso<\/b><\/li>\n<\/ul>\n<p><span style=\"font-weight: 400;\">Per l\u2019installazione di alcuni cookie \u00e8 richiesto il consenso dell\u2019utente. Viene inoltre chiesto all\u2019utente, nel momento in cui visita per la prima volta\u00a0<\/span><a href=\"https:\/\/www.dominacaribe.com\"><span style=\"font-weight: 400;\">https:\/\/www.dominacaribe.com<\/span><\/a><span style=\"font-weight: 400;\">\u00a0, di autorizzare l\u2019installazione di questo tipo di cookie, che vengono attivati solo dopo la sua accettazione.<\/span><\/p>\n<p><span style=\"font-weight: 400;\">Questa procedura viene effettuata mediante un banner informativo sulla home page di <\/span><a href=\"https:\/\/www.dominacaribe.com\"><span style=\"font-weight: 400;\">https:\/\/www.dominacaribe.com<\/span><\/a><span style=\"font-weight: 400;\">\u00a0in cui si informa l\u2019utente che, proseguendo la navigazione, accetta l\u2019installazione sul proprio dispositivo dei cookie per i quali \u00e8 richiesta l\u2019autorizzazione.<\/span><\/p>\n<p><span style=\"font-weight: 400;\">L\u2019utente pu\u00f2 modificare la propria scelta in qualsiasi momento utilizzando uno dei metodi descritti nella sezione \u201cEliminare e\/o bloccare i cookie\u201d.<\/span><\/p>\n<p>&nbsp;<\/p>\n<p><b>Eliminare e\/o bloccare i cookie<\/b><\/p>\n<p><span style=\"font-weight: 400;\">Ci sono vari modi per eliminare i cookie e altri strumenti di tracciabilit\u00e0.<\/span><\/p>\n<p><span style=\"font-weight: 400;\">Impostazioni del browser<\/span><\/p>\n<p><span style=\"font-weight: 400;\">Anche se nella maggior parte dei browser i cookie vengono accettati per impostazione predefinita, l\u2019utente pu\u00f2 decidere, se lo desidera, di accettare tutti i cookie, bloccare sempre i cookie o selezionare quali cookie accettare in base alla loro provenienza.<\/span><\/p>\n<p><span style=\"font-weight: 400;\">\u00c8 inoltre possibile impostare il browser in modo da accettare o bloccare singolarmente i cookie prima che vengano installati. Il browser consente inoltre all\u2019utente di eliminare regolarmente i cookie dal proprio dispositivo. \u00c8 importante ricordarsi di configurare tutti i browser installati sui vari dispositivi (tablet, smartphone, computer, ecc.).<\/span><\/p>\n<p><span style=\"font-weight: 400;\">Per quanto riguarda la gestione dei cookie e delle preferenze dell\u2019utente, la configurazione varia da un browser all\u2019altro. Queste impostazioni sono descritte nel menu \u201cguida\u201d del browser in uso, da dove \u00e8 possibile modificare anche le preferenze relative ai cookie. Per esempio:<\/span><\/p>\n<ul>\n<li style=\"font-weight: 400;\" aria-level=\"1\"><span style=\"font-weight: 400;\">Per Microsoft Edge\u2122:<\/span><span style=\"font-weight: 400;\"><br \/>\n<\/span><a href=\"https:\/\/support.microsoft.com\/en-us\/windows\/microsoft-edge-browsing-data-and-privacy-bb8174ba-9d73-dcf2-9b4a-c582b4e640dd\"><span style=\"font-weight: 400;\">https:\/\/support.microsoft.com\/en-us\/windows\/microsoft-edge-browsing-data-and-privacy-bb8174ba-9d73-dcf2-9b4a-c582b4e640dd<\/span><\/a><\/li>\n<li style=\"font-weight: 400;\" aria-level=\"1\"><span style=\"font-weight: 400;\">Per Safari\u2122:\u00a0<\/span><a href=\"https:\/\/support.apple.com\/guide\/safari\/manage-cookies-and-website-data-sfri11471\/mac\"><span style=\"font-weight: 400;\">https:\/\/support.apple.com\/guide\/safari\/manage-cookies-and-website-data-sfri11471\/mac<\/span><\/a><\/li>\n<li style=\"font-weight: 400;\" aria-level=\"1\"><span style=\"font-weight: 400;\">Per Chrome\u2122:<\/span><span style=\"font-weight: 400;\"><br \/>\n<\/span><span style=\"font-weight: 400;\">https:\/\/support.google.com\/chrome\/answer\/95647<\/span><\/li>\n<li style=\"font-weight: 400;\" aria-level=\"1\"><span style=\"font-weight: 400;\">Per Firefox\u2122:<\/span><span style=\"font-weight: 400;\"><br \/>\n<\/span><a href=\"https:\/\/support.mozilla.org\/en-US\/kb\/block-websites-storing-cookies-site-data-firefox\"><span style=\"font-weight: 400;\">https:\/\/support.mozilla.org\/en-US\/kb\/block-websites-storing-cookies-site-data-firefox<\/span><\/a><\/li>\n<li style=\"font-weight: 400;\" aria-level=\"1\"><span style=\"font-weight: 400;\">Per Opera\u2122:<\/span><span style=\"font-weight: 400;\"><br \/>\n<\/span><a href=\"https:\/\/help.opera.com\/en\/latest\/web-preferences\/#cookies\"><span style=\"font-weight: 400;\">https:\/\/help.opera.com\/en\/latest\/web-preferences\/#cookies<\/span><\/a><\/li>\n<\/ul>\n<p><span style=\"font-weight: 400;\">L\u2019utente ha la facolt\u00e0 di decidere se salvare o meno un cookie sul proprio dispositivo e pu\u00f2 modificare la propria scelta, in qualsiasi momento e gratuitamente, tramite le impostazioni disponibili nel software del proprio browser.<\/span><\/p>\n<p><span style=\"font-weight: 400;\">Se il browser \u00e8 impostato per accettare i cookie sul dispositivo, i cookie integrati nelle pagine e nei contenuti visualizzati dall\u2019utente potrebbero essere temporaneamente memorizzati in uno spazio dedicato del dispositivo dell\u2019utente. I cookie sono leggibili solo dall\u2019emittente.<\/span><\/p>\n<p><span style=\"font-weight: 400;\">Tuttavia, l\u2019utente pu\u00f2 impostare il proprio browser web in modo da bloccare i cookie. Si ricorda, tuttavia, che impostando il blocco dei cookie sul browser, non sar\u00e0 possibile accedere ad alcune funzionalit\u00e0, pagine e sezioni di\u00a0<\/span><a href=\"https:\/\/www.dominacaribe.com\"><span style=\"font-weight: 400;\">https:\/\/www.dominacaribe.com<\/span><\/a><span style=\"font-weight: 400;\">\u00a0<\/span><span style=\"font-weight: 400;\">e, in questo caso, decliniamo ogni responsabilit\u00e0 in merito.<\/span><\/p>\n<p>&nbsp;<\/p>\n<p><strong>Piattaforme pubblicitarie specializzate<\/strong><\/p>\n<p><span style=\"font-weight: 400;\">Varie piattaforme pubblicitarie professionali consentono all\u2019utente di accettare o bloccare i cookie utilizzati dalle aziende di cui sono membri. Tali meccanismi centralizzati non bloccano la visualizzazione di annunci pubblicitari, ma si limitano a impedire l\u2019installazione di cookie che personalizzano gli annunci pubblicitari in base agli interessi dell\u2019utente.<\/span><\/p>\n<p><span style=\"font-weight: 400;\">Ad esempio, \u00e8 possibile visitare il sito web\u00a0<\/span><a href=\"http:\/\/www.youronlinechoices.com\/\"><span style=\"font-weight: 400;\">http:\/\/www.youronlinechoices.com<\/span><\/a><span style=\"font-weight: 400;\">\u00a0per impedire l\u2019installazione dei cookie sul proprio dispositivo. Il sito web \u00e8 stato realizzato da professionisti del marketing digitale che aderiscono alla European Interactive Digital Advertising Alliance (EDAA) ed \u00e8 gestito in Francia da Interactive Advertising Bureau France.<\/span><\/p>\n<p>&nbsp;<\/p>\n<p><span style=\"font-weight: 400;\">Cookie Declaration by\u00a0<\/span><strong>Didomi CMP<\/strong><span style=\"font-weight: 400;\">. <\/span><\/p>\n<p><span style=\"font-weight: 400;\">Ultimo aggiornamento: <strong>16-12-2025<\/strong>.<\/span><\/p>\n","protected":false},"excerpt":{"rendered":"<p>Uso dei cookie da parte di\u00a0Prea Real Estate Central America SL\u00a0 Si avvisa che Prea Real Estate Central America SL utilizza i cookie o altri strumenti di tracciabilit\u00e0 sul suo sito web \u00a0https:\/\/www.dominacaribe.com Gli strumenti di tracciabilit\u00e0 possono essere installati sul dispositivo dell\u2019utente in base alle preferenze gi\u00e0 espresse o che potr\u00e0 esprimere in qualsiasi [&hellip;]<\/p>\n","protected":false},"author":9,"featured_media":0,"parent":0,"menu_order":250,"comment_status":"closed","ping_status":"closed","template":"","meta":{"footnotes":""},"class_list":["post-890","page","type-page","status-publish","hentry"],"yoast_head":"<!-- This site is optimized with the Yoast SEO plugin v26.9 - https:\/\/yoast.com\/product\/yoast-seo-wordpress\/ -->\n<title>Cookie policy - Domina Caribe<\/title>\n<meta name=\"robots\" content=\"index, follow, max-snippet:-1, max-image-preview:large, max-video-preview:-1\" \/>\n<link rel=\"canonical\" href=\"https:\/\/www.dominacaribe.com\/it\/cookie-policy\/\" \/>\n<meta property=\"og:locale\" content=\"it_IT\" \/>\n<meta property=\"og:type\" content=\"article\" \/>\n<meta property=\"og:title\" content=\"Cookie policy - Domina Caribe\" \/>\n<meta property=\"og:description\" content=\"Uso dei cookie da parte di\u00a0Prea Real Estate Central America SL\u00a0 Si avvisa che Prea Real Estate Central America SL utilizza i cookie o altri strumenti di tracciabilit\u00e0 sul suo sito web \u00a0https:\/\/www.dominacaribe.com Gli strumenti di tracciabilit\u00e0 possono essere installati sul dispositivo dell\u2019utente in base alle preferenze gi\u00e0 espresse o che potr\u00e0 esprimere in qualsiasi [&hellip;]\" \/>\n<meta property=\"og:url\" content=\"https:\/\/www.dominacaribe.com\/it\/cookie-policy\/\" \/>\n<meta property=\"og:site_name\" content=\"Domina Caribe\" \/>\n<meta property=\"article:modified_time\" content=\"2025-12-11T17:16:06+00:00\" \/>\n<meta property=\"og:image\" content=\"https:\/\/www.dominacaribe.com\/wp-content\/uploads\/sites\/30\/2025\/12\/woman-with-umbrella-beach-against-sky.jpg\" \/>\n\t<meta property=\"og:image:width\" content=\"1800\" \/>\n\t<meta property=\"og:image:height\" content=\"1200\" \/>\n\t<meta property=\"og:image:type\" content=\"image\/jpeg\" \/>\n<meta name=\"twitter:card\" content=\"summary_large_image\" \/>\n<meta name=\"twitter:label1\" content=\"Est. reading time\" \/>\n\t<meta name=\"twitter:data1\" content=\"6 minuti\" \/>\n<script type=\"application\/ld+json\" class=\"yoast-schema-graph\">{\"@context\":\"https:\/\/schema.org\",\"@graph\":[{\"@type\":\"WebPage\",\"@id\":\"https:\/\/www.dominacaribe.com\/it\/cookie-policy\/\",\"url\":\"https:\/\/www.dominacaribe.com\/it\/cookie-policy\/\",\"name\":\"Cookie policy - Domina Caribe\",\"isPartOf\":{\"@id\":\"https:\/\/www.dominacaribe.com\/it\/#website\"},\"datePublished\":\"2025-11-28T10:21:30+00:00\",\"dateModified\":\"2025-12-11T17:16:06+00:00\",\"breadcrumb\":{\"@id\":\"https:\/\/www.dominacaribe.com\/it\/cookie-policy\/#breadcrumb\"},\"inLanguage\":\"it-IT\",\"potentialAction\":[{\"@type\":\"ReadAction\",\"target\":[\"https:\/\/www.dominacaribe.com\/it\/cookie-policy\/\"]}]},{\"@type\":\"BreadcrumbList\",\"@id\":\"https:\/\/www.dominacaribe.com\/it\/cookie-policy\/#breadcrumb\",\"itemListElement\":[{\"@type\":\"ListItem\",\"position\":1,\"name\":\"Home\",\"item\":\"https:\/\/www.dominacaribe.com\/it\/\"},{\"@type\":\"ListItem\",\"position\":2,\"name\":\"Cookie policy\"}]},{\"@type\":\"WebSite\",\"@id\":\"https:\/\/www.dominacaribe.com\/it\/#website\",\"url\":\"https:\/\/www.dominacaribe.com\/it\/\",\"name\":\"Domina Caribe\",\"description\":\"Happiness is your free time\",\"publisher\":{\"@id\":\"https:\/\/www.dominacaribe.com\/it\/#organization\"},\"alternateName\":\"Domina Caribe\",\"potentialAction\":[{\"@type\":\"SearchAction\",\"target\":{\"@type\":\"EntryPoint\",\"urlTemplate\":\"https:\/\/www.dominacaribe.com\/it\/?s={search_term_string}\"},\"query-input\":{\"@type\":\"PropertyValueSpecification\",\"valueRequired\":true,\"valueName\":\"search_term_string\"}}],\"inLanguage\":\"it-IT\"},{\"@type\":\"Organization\",\"@id\":\"https:\/\/www.dominacaribe.com\/it\/#organization\",\"name\":\"Domina Caribe\",\"url\":\"https:\/\/www.dominacaribe.com\/it\/\",\"logo\":{\"@type\":\"ImageObject\",\"inLanguage\":\"it-IT\",\"@id\":\"https:\/\/www.dominacaribe.com\/it\/#\/schema\/logo\/image\/\",\"url\":\"https:\/\/www.dominacaribe.com\/wp-content\/uploads\/sites\/30\/2025\/12\/logo_domina_20241.png\",\"contentUrl\":\"https:\/\/www.dominacaribe.com\/wp-content\/uploads\/sites\/30\/2025\/12\/logo_domina_20241.png\",\"width\":2200,\"height\":693,\"caption\":\"Domina Caribe\"},\"image\":{\"@id\":\"https:\/\/www.dominacaribe.com\/it\/#\/schema\/logo\/image\/\"}}]}<\/script>\n<!-- \/ Yoast SEO plugin. -->","yoast_head_json":{"title":"Cookie policy - Domina Caribe","robots":{"index":"index","follow":"follow","max-snippet":"max-snippet:-1","max-image-preview":"max-image-preview:large","max-video-preview":"max-video-preview:-1"},"canonical":"https:\/\/www.dominacaribe.com\/it\/cookie-policy\/","og_locale":"it_IT","og_type":"article","og_title":"Cookie policy - Domina Caribe","og_description":"Uso dei cookie da parte di\u00a0Prea Real Estate Central America SL\u00a0 Si avvisa che Prea Real Estate Central America SL utilizza i cookie o altri strumenti di tracciabilit\u00e0 sul suo sito web \u00a0https:\/\/www.dominacaribe.com Gli strumenti di tracciabilit\u00e0 possono essere installati sul dispositivo dell\u2019utente in base alle preferenze gi\u00e0 espresse o che potr\u00e0 esprimere in qualsiasi [&hellip;]","og_url":"https:\/\/www.dominacaribe.com\/it\/cookie-policy\/","og_site_name":"Domina Caribe","article_modified_time":"2025-12-11T17:16:06+00:00","og_image":[{"width":1800,"height":1200,"url":"https:\/\/www.dominacaribe.com\/wp-content\/uploads\/sites\/30\/2025\/12\/woman-with-umbrella-beach-against-sky.jpg","type":"image\/jpeg"}],"twitter_card":"summary_large_image","twitter_misc":{"Est. reading time":"6 minuti"},"schema":{"@context":"https:\/\/schema.org","@graph":[{"@type":"WebPage","@id":"https:\/\/www.dominacaribe.com\/it\/cookie-policy\/","url":"https:\/\/www.dominacaribe.com\/it\/cookie-policy\/","name":"Cookie policy - Domina Caribe","isPartOf":{"@id":"https:\/\/www.dominacaribe.com\/it\/#website"},"datePublished":"2025-11-28T10:21:30+00:00","dateModified":"2025-12-11T17:16:06+00:00","breadcrumb":{"@id":"https:\/\/www.dominacaribe.com\/it\/cookie-policy\/#breadcrumb"},"inLanguage":"it-IT","potentialAction":[{"@type":"ReadAction","target":["https:\/\/www.dominacaribe.com\/it\/cookie-policy\/"]}]},{"@type":"BreadcrumbList","@id":"https:\/\/www.dominacaribe.com\/it\/cookie-policy\/#breadcrumb","itemListElement":[{"@type":"ListItem","position":1,"name":"Home","item":"https:\/\/www.dominacaribe.com\/it\/"},{"@type":"ListItem","position":2,"name":"Cookie policy"}]},{"@type":"WebSite","@id":"https:\/\/www.dominacaribe.com\/it\/#website","url":"https:\/\/www.dominacaribe.com\/it\/","name":"Domina Caribe","description":"Happiness is your free time","publisher":{"@id":"https:\/\/www.dominacaribe.com\/it\/#organization"},"alternateName":"Domina Caribe","potentialAction":[{"@type":"SearchAction","target":{"@type":"EntryPoint","urlTemplate":"https:\/\/www.dominacaribe.com\/it\/?s={search_term_string}"},"query-input":{"@type":"PropertyValueSpecification","valueRequired":true,"valueName":"search_term_string"}}],"inLanguage":"it-IT"},{"@type":"Organization","@id":"https:\/\/www.dominacaribe.com\/it\/#organization","name":"Domina Caribe","url":"https:\/\/www.dominacaribe.com\/it\/","logo":{"@type":"ImageObject","inLanguage":"it-IT","@id":"https:\/\/www.dominacaribe.com\/it\/#\/schema\/logo\/image\/","url":"https:\/\/www.dominacaribe.com\/wp-content\/uploads\/sites\/30\/2025\/12\/logo_domina_20241.png","contentUrl":"https:\/\/www.dominacaribe.com\/wp-content\/uploads\/sites\/30\/2025\/12\/logo_domina_20241.png","width":2200,"height":693,"caption":"Domina Caribe"},"image":{"@id":"https:\/\/www.dominacaribe.com\/it\/#\/schema\/logo\/image\/"}}]}},"acf":[],"_links":{"self":[{"href":"https:\/\/www.dominacaribe.com\/it\/wp-json\/wp\/v2\/pages\/890","targetHints":{"allow":["GET"]}}],"collection":[{"href":"https:\/\/www.dominacaribe.com\/it\/wp-json\/wp\/v2\/pages"}],"about":[{"href":"https:\/\/www.dominacaribe.com\/it\/wp-json\/wp\/v2\/types\/page"}],"author":[{"embeddable":true,"href":"https:\/\/www.dominacaribe.com\/it\/wp-json\/wp\/v2\/users\/9"}],"replies":[{"embeddable":true,"href":"https:\/\/www.dominacaribe.com\/it\/wp-json\/wp\/v2\/comments?post=890"}],"version-history":[{"count":0,"href":"https:\/\/www.dominacaribe.com\/it\/wp-json\/wp\/v2\/pages\/890\/revisions"}],"wp:attachment":[{"href":"https:\/\/www.dominacaribe.com\/it\/wp-json\/wp\/v2\/media?parent=890"}],"curies":[{"name":"wp","href":"https:\/\/api.w.org\/{rel}","templated":true}]}}